{"id":10,"date":"2023-02-12T15:54:22","date_gmt":"2023-02-12T14:54:22","guid":{"rendered":"https:\/\/fabiennefaure.fr\/?page_id=10"},"modified":"2023-12-18T14:08:16","modified_gmt":"2023-12-18T13:08:16","slug":"accueil","status":"publish","type":"page","link":"https:\/\/fabiennefaure.fr\/","title":{"rendered":"Accueil"},"content":{"rendered":"\n<div class=\"wp-block-columns is-layout-flex wp-container-core-columns-is-layout-9d6595d7 wp-block-columns-is-layout-flex\">\n<div class=\"wp-block-column is-layout-flow wp-block-column-is-layout-flow\" style=\"flex-basis:66.66%\">\n<p class=\"has-small-font-size\">Psychologue clinicienne dipl\u00f4m\u00e9e d\u2019un Master de Psychopathologie Clinique, j&rsquo;ai travaill\u00e9 25 ans dans le secteur de l&rsquo;addictologie et de la pr\u00e9vention du suicide avec des adolescents, des adultes, des parents et des professionnels.<\/p>\n\n\n\n<p class=\"has-small-font-size\">Dans le soucis permanent de proposer des accompagnements efficaces, j&rsquo;ai ajout\u00e9 la <strong><a href=\"https:\/\/fabiennefaure.fr\/?page_id=2\">Sophrologie<\/a><\/strong> \u00e0 mes comp\u00e9tences. Mon approche th\u00e9rapeutique me situe donc davantage dans une pratique dite \u00ab\u00a0int\u00e9grative\u00a0\u00bb.<\/p>\n\n\n\n<p class=\"has-small-font-size\">Mon exp\u00e9rience me permet de vous aider sur&nbsp;<strong>diff\u00e9rents niveaux th\u00e9rapeutiques<\/strong>&nbsp;: anxi\u00e9t\u00e9, d\u00e9pression, addiction, deuil, burn-out, crise suicidaire, phobie, hypersensibilit\u00e9, difficult\u00e9s conjugales ou familiales, difficult\u00e9s scolaires, manque de confiance\u2026 <\/p>\n\n\n\n<p class=\"has-small-font-size\">Mon intervention est \u00e9galement ax\u00e9e sur votre&nbsp;<strong>bien-\u00eatre et votre d\u00e9veloppement personnel<\/strong>&nbsp;: gestion \u00e9motionnelle,&nbsp;pr\u00e9paration \u00e0 un \u00e9v\u00e9nement de vie (naissance, maladie, entretien professionnel, pr\u00e9paration sportive &#8230;)<\/p>\n\n\n\n<p class=\"has-small-font-size\">J\u2019interviens \u00e9galement en tant que&nbsp;<strong>formatrice&nbsp;<\/strong>et j\u2019accompagne la<strong>&nbsp;r\u00e9flexion d\u2019\u00e9quipes<\/strong>&nbsp;(analyse de pratiques, projets de pr\u00e9vention&#8230;) sur les th\u00e9matiques comme la pr\u00e9vention du suicide, la parentalit\u00e9, l&rsquo;adolescence et les conduites \u00e0 risque ou encore les probl\u00e9matiques addictives.<\/p>\n<\/div>\n\n\n\n<div class=\"wp-block-column is-vertically-aligned-center is-layout-flow wp-block-column-is-layout-flow\" style=\"flex-basis:33.33%\"><div class=\"wp-block-image is-style-default\">\n<figure class=\"alignleft size-large\"><img loading=\"lazy\" decoding=\"async\" width=\"683\" height=\"1024\" src=\"https:\/\/fabiennefaure.fr\/wp-content\/uploads\/2023\/09\/Fabienne-Faure-Psychologue-sourire-dnas-le-bois-683x1024.jpg\" alt=\"Fabienne Faure Psychologie Clinicienne \" class=\"wp-image-850\" srcset=\"https:\/\/fabiennefaure.fr\/wp-content\/uploads\/2023\/09\/Fabienne-Faure-Psychologue-sourire-dnas-le-bois-683x1024.jpg 683w, https:\/\/fabiennefaure.fr\/wp-content\/uploads\/2023\/09\/Fabienne-Faure-Psychologue-sourire-dnas-le-bois-200x300.jpg 200w, https:\/\/fabiennefaure.fr\/wp-content\/uploads\/2023\/09\/Fabienne-Faure-Psychologue-sourire-dnas-le-bois-768x1152.jpg 768w, https:\/\/fabiennefaure.fr\/wp-content\/uploads\/2023\/09\/Fabienne-Faure-Psychologue-sourire-dnas-le-bois-1024x1536.jpg 1024w, https:\/\/fabiennefaure.fr\/wp-content\/uploads\/2023\/09\/Fabienne-Faure-Psychologue-sourire-dnas-le-bois-1366x2048.jpg 1366w, https:\/\/fabiennefaure.fr\/wp-content\/uploads\/2023\/09\/Fabienne-Faure-Psychologue-sourire-dnas-le-bois.jpg 1667w\" sizes=\"auto, (max-width: 683px) 100vw, 683px\" \/><figcaption class=\"wp-element-caption\"><em>photo : Laurent Pecoul<\/em><\/figcaption><\/figure>\n<\/div><\/div>\n<\/div>\n","protected":false},"excerpt":{"rendered":"<p>Psychologue clinicienne dipl\u00f4m\u00e9e d\u2019un Master de Psychopathologie Clinique, j&rsquo;ai travaill\u00e9 25 ans dans le secteur de l&rsquo;addictologie et de la pr\u00e9vention du suicide avec des adolescents, des adultes, des parents et des professionnels. Dans le soucis permanent de proposer des accompagnements efficaces, j&rsquo;ai ajout\u00e9 la Sophrologie \u00e0 mes comp\u00e9tences. Mon approche th\u00e9rapeutique me situe donc <a class=\"read-more\" href=\"https:\/\/fabiennefaure.fr\/\">READ MORE<\/a><\/p>\n","protected":false},"author":1,"featured_media":0,"parent":0,"menu_order":0,"comment_status":"closed","ping_status":"closed","template":"","meta":{"rank_math_lock_modified_date":false,"footnotes":""},"class_list":["post-10","page","type-page","status-publish","hentry"],"_links":{"self":[{"href":"https:\/\/fabiennefaure.fr\/index.php?rest_route=\/wp\/v2\/pages\/10","targetHints":{"allow":["GET"]}}],"collection":[{"href":"https:\/\/fabiennefaure.fr\/index.php?rest_route=\/wp\/v2\/pages"}],"about":[{"href":"https:\/\/fabiennefaure.fr\/index.php?rest_route=\/wp\/v2\/types\/page"}],"author":[{"embeddable":true,"href":"https:\/\/fabiennefaure.fr\/index.php?rest_route=\/wp\/v2\/users\/1"}],"replies":[{"embeddable":true,"href":"https:\/\/fabiennefaure.fr\/index.php?rest_route=%2Fwp%2Fv2%2Fcomments&post=10"}],"version-history":[{"count":33,"href":"https:\/\/fabiennefaure.fr\/index.php?rest_route=\/wp\/v2\/pages\/10\/revisions"}],"predecessor-version":[{"id":989,"href":"https:\/\/fabiennefaure.fr\/index.php?rest_route=\/wp\/v2\/pages\/10\/revisions\/989"}],"wp:attachment":[{"href":"https:\/\/fabiennefaure.fr\/index.php?rest_route=%2Fwp%2Fv2%2Fmedia&parent=10"}],"curies":[{"name":"wp","href":"https:\/\/api.w.org\/{rel}","templated":true}]}}