{"id":12,"date":"2023-02-12T16:01:07","date_gmt":"2023-02-12T15:01:07","guid":{"rendered":"https:\/\/fabiennefaure.fr\/?page_id=12"},"modified":"2026-04-27T18:32:51","modified_gmt":"2026-04-27T16:32:51","slug":"fabienne-faure-psychologue-et-molieres-modalites-et-tarifs","status":"publish","type":"page","link":"https:\/\/fabiennefaure.fr\/?page_id=12","title":{"rendered":"Modalit\u00e9s et tarifs"},"content":{"rendered":"\n<p>Consultations de <strong>psychologie<\/strong>, de <strong>r\u00e9gulation \u00e9motionnelle<\/strong> et de <strong>Sophrologie<\/strong> \u00e0 Moli\u00e8res &#8211; 82 220<\/p>\n\n\n\n<div class=\"wp-block-columns is-layout-flex wp-container-core-columns-is-layout-9d6595d7 wp-block-columns-is-layout-flex\">\n<div class=\"wp-block-column is-layout-flow wp-block-column-is-layout-flow\" style=\"flex-basis:66.66%\">\n<p class=\"has-small-font-size\">Mon cabinet de Psychologue&amp;Sophrologue est install\u00e9 en campagne, dans une Tiny House, pour un accueil<strong>&nbsp;confidentiel&nbsp;&nbsp;et ressour\u00e7ant<\/strong>. Cette situation exceptionnelle pour un lieu de consultation me permet de vous proposer un v\u00e9ritable moment de pause. <\/p>\n\n\n\n<p class=\"has-small-font-size\">Nos rendez-vous peuvent \u00e9galement aussi avoir lieu par&nbsp;<strong>visio-consultation<\/strong><\/p>\n\n\n\n<p class=\"has-small-font-size\">Tous nos \u00e9changes seront&nbsp;<strong>confidentiels.<\/strong><\/p>\n\n\n\n<p>Comment prendre rendez vous ? <\/p>\n\n\n\n<p>Il suffit de m&rsquo;appeler au 06 52 46 30 90 ou de m&rsquo;envoyer un message SMS <\/p>\n\n\n\n<p>Vous pouvez aussi m&rsquo;envoyer un mail : <a href=\"ecrire@fabiennefaure.fr\">ecrire@fabiennefaure.fr<\/a> <\/p>\n\n\n\n<p>Il est \u00e9galement possible de r\u00e9server un rendez sous avec moi via la plateforme Doctolib : <a href=\"https:\/\/www.doctolib.fr\/psychologue\/molieres\/fabienne-faure\" target=\"_blank\" rel=\"noopener\">https:\/\/www.doctolib.fr\/psychologue\/molieres\/fabienne-faure<\/a><\/p>\n\n\n\n<p><strong> 27 avril 2026 :<\/strong> Suite \u00e0 un nombre important de sollicitations, je ne peux plus actuellement accueillir de nouveaux patients. D\u00e8s que j&rsquo;aurai de nouvelles possibilit\u00e9s, il sera \u00e0 nouveau possible de prendre rendez-vous avec moi via Doctolib. Je vous remercie de votre compr\u00e9hension.<\/p>\n\n\n\n<p class=\"has-medium-font-size\"><strong>Tarifs :<\/strong><\/p>\n\n\n\n<p class=\"has-small-font-size\"><strong>S\u00e9ance individuelle \u00e0 mon cabinet<\/strong> (ou en visio) : <strong>60 \u20ac<\/strong><\/p>\n\n\n\n<p class=\"has-small-font-size\"><strong>Me consulter dans le cadre du Dispositif MON PSY<\/strong><\/p>\n\n\n\n<p class=\"has-small-font-size\" id=\"dispositifmonpsy\">Dans le cadre de mon conventionnement avec l&rsquo;Assurance Maladie, vous pouvez b\u00e9n\u00e9ficier de <strong>12 s\u00e9ances par ann\u00e9e civile. <\/strong>Ces s\u00e9ances sont factur\u00e9es 50\u20ac et seront rembours\u00e9es par la CPAM.<\/p>\n\n\n\n<p class=\"has-small-font-size\" id=\"dispositifmonpsy\"><strong>Comment \u00e7a marche ? <\/strong>A chaque paiement je vous fais une feuille de soin que vous pourrez adresser \u00e0 la CPAM.<\/p>\n\n\n\n<p class=\"has-small-font-size\"><strong>Qui peut en b\u00e9n\u00e9ficier ?<\/strong> Toute personne de plus de 3 ans ayant des troubles anxieux l\u00e9gers \u00e0 mod\u00e9r\u00e9s, peut b\u00e9n\u00e9ficier de cette prise en charge des s\u00e9ances en acc\u00e8s direct vers un psychologue conventionn\u00e9.<\/p>\n\n\n\n<p>Pour plus d&rsquo;informations sur le dispositif : <a href=\"https:\/\/monsoutienpsy.sante.gouv.fr\" target=\"_blank\" rel=\"noopener\">https:\/\/monsoutienpsy.sante.gouv.fr<\/a><\/p>\n\n\n\n<p><\/p>\n\n\n\n<p class=\"has-small-font-size\"><strong>S\u00e9ance de groupe et intervention de formation <\/strong>: sur devis<\/p>\n\n\n\n<p><\/p>\n\n\n\n<p class=\"has-small-font-size\"><strong>No ADELI : 82 93 0421 1<\/strong><\/p>\n\n\n\n<p class=\"has-small-font-size\"><strong>No RPPS : 1000 97 47 741<\/strong><\/p>\n\n\n\n<p class=\"has-small-font-size\"><strong>No SIRET : 807 603 519 00032<\/strong><\/p>\n\n\n\n<p><em>Statut lib\u00e9ral en EI. TVA non applicable selon les articles 293 B et 261 1-4 du CGI<\/em><\/p>\n\n\n\n<p><\/p>\n\n\n\n<figure class=\"wp-block-image size-large is-style-rounded\"><img loading=\"lazy\" decoding=\"async\" width=\"1024\" height=\"683\" src=\"https:\/\/fabiennefaure.fr\/wp-content\/uploads\/2023\/09\/Fabienne-Faure-Psychologue-Tiny-House-1024x683.jpg\" alt=\"\" class=\"wp-image-867\" srcset=\"https:\/\/fabiennefaure.fr\/wp-content\/uploads\/2023\/09\/Fabienne-Faure-Psychologue-Tiny-House-1024x683.jpg 1024w, https:\/\/fabiennefaure.fr\/wp-content\/uploads\/2023\/09\/Fabienne-Faure-Psychologue-Tiny-House-300x200.jpg 300w, https:\/\/fabiennefaure.fr\/wp-content\/uploads\/2023\/09\/Fabienne-Faure-Psychologue-Tiny-House-768x512.jpg 768w, https:\/\/fabiennefaure.fr\/wp-content\/uploads\/2023\/09\/Fabienne-Faure-Psychologue-Tiny-House-1536x1024.jpg 1536w, https:\/\/fabiennefaure.fr\/wp-content\/uploads\/2023\/09\/Fabienne-Faure-Psychologue-Tiny-House-2048x1366.jpg 2048w\" sizes=\"auto, (max-width: 1024px) 100vw, 1024px\" \/><figcaption class=\"wp-element-caption\">photo : Laurent P\u00e9coul<\/figcaption><\/figure>\n<\/div>\n\n\n\n<div class=\"wp-block-column is-layout-flow wp-block-column-is-layout-flow\" style=\"flex-basis:33.33%\">\n<figure class=\"wp-block-image size-full is-style-rounded\"><img loading=\"lazy\" decoding=\"async\" width=\"716\" height=\"475\" src=\"https:\/\/fabiennefaure.fr\/wp-content\/uploads\/2023\/03\/foret-.png\" alt=\"\" class=\"wp-image-467\" srcset=\"https:\/\/fabiennefaure.fr\/wp-content\/uploads\/2023\/03\/foret-.png 716w, https:\/\/fabiennefaure.fr\/wp-content\/uploads\/2023\/03\/foret--300x199.png 300w\" sizes=\"auto, (max-width: 716px) 100vw, 716px\" \/><\/figure>\n\n\n\n<p><\/p>\n\n\n\n<p><\/p>\n\n\n\n<figure class=\"wp-block-image size-large is-style-rounded\"><img loading=\"lazy\" decoding=\"async\" width=\"683\" height=\"1024\" src=\"https:\/\/fabiennefaure.fr\/wp-content\/uploads\/2023\/09\/Fabienne-Faure-Psychologue-acceuille-oui-683x1024.jpg\" alt=\"\" class=\"wp-image-847\" srcset=\"https:\/\/fabiennefaure.fr\/wp-content\/uploads\/2023\/09\/Fabienne-Faure-Psychologue-acceuille-oui-683x1024.jpg 683w, https:\/\/fabiennefaure.fr\/wp-content\/uploads\/2023\/09\/Fabienne-Faure-Psychologue-acceuille-oui-200x300.jpg 200w, https:\/\/fabiennefaure.fr\/wp-content\/uploads\/2023\/09\/Fabienne-Faure-Psychologue-acceuille-oui-768x1152.jpg 768w, https:\/\/fabiennefaure.fr\/wp-content\/uploads\/2023\/09\/Fabienne-Faure-Psychologue-acceuille-oui-1024x1536.jpg 1024w, https:\/\/fabiennefaure.fr\/wp-content\/uploads\/2023\/09\/Fabienne-Faure-Psychologue-acceuille-oui-1366x2048.jpg 1366w, https:\/\/fabiennefaure.fr\/wp-content\/uploads\/2023\/09\/Fabienne-Faure-Psychologue-acceuille-oui.jpg 1667w\" sizes=\"auto, (max-width: 683px) 100vw, 683px\" \/><\/figure>\n\n\n\n<p class=\"has-text-align-center\"><em>\u00ab\u00a0C&rsquo;est si beau le myst\u00e8re. Si \u00e9ph\u00e9m\u00e8re et si violent de douceur, cet \u00e9change silencieux entre deux personnes. L&rsquo;une qui arrive, l&rsquo;autre qui attendait\u00a0\u00bb. Barbara Samson.<\/em><\/p>\n<\/div>\n<\/div>\n\n\n\n<p><\/p>\n\n\n\n<h6 class=\"wp-block-heading\"><strong>&nbsp; &nbsp; &nbsp; &nbsp; &nbsp; <\/strong><\/h6>\n\n\n\n<h6 class=\"wp-block-heading\"><strong>&nbsp; &nbsp; &nbsp; &nbsp; &nbsp;<\/strong><\/h6>\n","protected":false},"excerpt":{"rendered":"<p>Consultations de psychologie, de r\u00e9gulation \u00e9motionnelle et de Sophrologie \u00e0 Moli\u00e8res &#8211; 82 220 Mon cabinet de Psychologue&amp;Sophrologue est install\u00e9 en campagne, dans une Tiny House, pour un accueil&nbsp;confidentiel&nbsp;&nbsp;et ressour\u00e7ant. Cette situation exceptionnelle pour un lieu de consultation me permet de vous proposer un v\u00e9ritable moment de pause. Nos rendez-vous peuvent \u00e9galement aussi avoir lieu <a class=\"read-more\" href=\"https:\/\/fabiennefaure.fr\/?page_id=12\">READ MORE<\/a><\/p>\n","protected":false},"author":1,"featured_media":0,"parent":0,"menu_order":0,"comment_status":"closed","ping_status":"closed","template":"","meta":{"footnotes":""},"class_list":["post-12","page","type-page","status-publish","hentry"],"_links":{"self":[{"href":"https:\/\/fabiennefaure.fr\/index.php?rest_route=\/wp\/v2\/pages\/12","targetHints":{"allow":["GET"]}}],"collection":[{"href":"https:\/\/fabiennefaure.fr\/index.php?rest_route=\/wp\/v2\/pages"}],"about":[{"href":"https:\/\/fabiennefaure.fr\/index.php?rest_route=\/wp\/v2\/types\/page"}],"author":[{"embeddable":true,"href":"https:\/\/fabiennefaure.fr\/index.php?rest_route=\/wp\/v2\/users\/1"}],"replies":[{"embeddable":true,"href":"https:\/\/fabiennefaure.fr\/index.php?rest_route=%2Fwp%2Fv2%2Fcomments&post=12"}],"version-history":[{"count":52,"href":"https:\/\/fabiennefaure.fr\/index.php?rest_route=\/wp\/v2\/pages\/12\/revisions"}],"predecessor-version":[{"id":1035,"href":"https:\/\/fabiennefaure.fr\/index.php?rest_route=\/wp\/v2\/pages\/12\/revisions\/1035"}],"wp:attachment":[{"href":"https:\/\/fabiennefaure.fr\/index.php?rest_route=%2Fwp%2Fv2%2Fmedia&parent=12"}],"curies":[{"name":"wp","href":"https:\/\/api.w.org\/{rel}","templated":true}]}}