{"id":150,"date":"2023-03-11T12:32:13","date_gmt":"2023-03-11T11:32:13","guid":{"rendered":"https:\/\/fabiennefaure.fr\/?page_id=150"},"modified":"2023-09-06T14:11:33","modified_gmt":"2023-09-06T12:11:33","slug":"une-page-pour-dire-a-quoi-sert-une-psy","status":"publish","type":"page","link":"https:\/\/fabiennefaure.fr\/?page_id=150","title":{"rendered":"Pourquoi venir rencontrer une psychologue ?"},"content":{"rendered":"\n<div class=\"wp-block-columns is-layout-flex wp-container-core-columns-is-layout-9d6595d7 wp-block-columns-is-layout-flex\">\n<div class=\"wp-block-column is-layout-flow wp-block-column-is-layout-flow\" style=\"flex-basis:66.66%\">\n<p class=\"has-small-font-size\">La vie apporte avec elle son lot d\u2019\u00e9v\u00e9nements qui peuvent g\u00e9n\u00e9rer du stress, de l&rsquo;angoisse et contribuer \u00e0 \u00e9branler nos relations et nos certitudes. Parfois ce sont&nbsp;<strong>les relations que nous vivons qui sont \u00ab\u00a0toxiques<\/strong>\u00a0\u00bb&nbsp;et nous n&rsquo;arrivons pas \u00e0 sortir de certains sch\u00e9mas de r\u00e9p\u00e9tition.<\/p>\n\n\n\n<p class=\"has-small-font-size\">Cela fait peut \u00eatre un moment que vous vous dites :&nbsp;<em>\u00ab\u00a0Je tourne en rond\u00a0\u00bb, \u00ab\u00a0j&rsquo;ai l&rsquo;impression de r\u00e9p\u00e9ter toujours les m\u00eames erreurs\u00a0\u00bb, \u00ab\u00a0je n&rsquo;ai plus le go\u00fbt de vivre\u00a0\u00bb, \u00ab\u00a0Je suis nul et inutile\u00a0\u00bb<\/em>. Ou peut-\u00eatre ressentez-vous un sentiment de mal-\u00eatre diffus qui vous parait sans lien avec un \u00e9v\u00e9nement particulier ou bien \u00e0 la suite d&rsquo;un&nbsp;<strong>accident<\/strong>, d&rsquo;une&nbsp;<strong>perte<\/strong>, d&rsquo;un&nbsp;<strong>traumatisme<\/strong>.<\/p>\n\n\n\n<p class=\"has-small-font-size\">Ce peut \u00eatre \u00e9galement une\u00a0<strong>souffrance au sein du couple ou de la famille<\/strong>\u00a0qui prend de plus en plus de place. Ou bien des <strong>difficult\u00e9s que vous rencontrez au travail<\/strong>, ou qui sont li\u00e9es \u00e0 une maladie, un handicap.\u00a0<\/p>\n\n\n\n<blockquote class=\"wp-block-quote is-layout-flow wp-block-quote-is-layout-flow\">\n<p class=\"has-medium-font-size\">Tout ce qui ne s&rsquo;exprime pas s&rsquo;imprime.<\/p>\n<\/blockquote>\n\n\n\n<p class=\"has-small-font-size\">Heureusement, nous avons en nous&nbsp;<strong>un pouvoir d&rsquo;autogu\u00e9rison incroyable<\/strong> !<\/p>\n\n\n\n<p class=\"has-small-font-size\">C&rsquo;est un peu comme la peau qui se r\u00e9g\u00e9n\u00e8re apr\u00e8s avoir \u00e9t\u00e9 bless\u00e9e. Lorsque la plaie est peu profonde aucune intervention n&rsquo;est n\u00e9cessaire. Quand la blessure est plus profonde et\/ou qu&rsquo;elle a saign\u00e9 trop longtemps, l&rsquo;aide d&rsquo;un professionnel peut s&rsquo;av\u00e9rer n\u00e9cessaire.&nbsp;<\/p>\n\n\n\n<p class=\"has-small-font-size\">\u00ab\u00a0<strong><em>Tout ce qui ne s&rsquo;exprime pas s&rsquo;imprime<\/em><\/strong>\u00ab\u00a0. Aussi est-ce parfois comme une cicatrice qui fait encore souffrir&#8230; Elle vous rappelle \u00e0 une ancienne blessure, qu&rsquo;on croyait oubli\u00e9e, mais qui est l\u00e0 comme pour vous dire : \u00ab\u00a0<em>Je suis la trace de quelque chose qui reste \u00e0 dire\u00a0\u00bb<\/em>. <\/p>\n\n\n\n<p class=\"has-small-font-size\">Un professionnel peut vous aider \u00e0 d\u00e9chiffrer le message cach\u00e9 derri\u00e8re ce que votre inconscient cherche \u00e0 dire.&nbsp;Votre inconscient n&rsquo;est pas un corps \u00e9tranger. C&rsquo;est une part de vous-m\u00eame, compos\u00e9e de savoirs qui restent \u00ab\u00a0non su\u00a0\u00bb par votre conscience. Par exemple un traumatisme pass\u00e9 (la perte d&rsquo;un \u00eatre cher, un abandon, une humiliation, une agression..) peuvent \u00eatre \u00ab\u00a0pass\u00e9s \u00e0\u00a0\u00bb l&rsquo;inconscient. C&rsquo;est un m\u00e9canisme qui sert \u00e0 vous prot\u00e9ger et \u00e0 vous permettre de continuer \u00e0 vivre. Mais pour autant cette v\u00e9rit\u00e9 est l\u00e0 en vous et peut continuer \u00e0 faire souffrir, ou chercher \u00e0 s&rsquo;exprimer en apparaissant sous forme de messages plus ou moins \u00e9nigmatiques (par exemple \u00e0 travers des r\u00eaves, des actes manqu\u00e9s ou des comportements)<\/p>\n\n\n\n<p class=\"has-small-font-size\">A ce message sont donc associ\u00e9s des souvenirs et des \u00e9motions enfouies.<\/p>\n\n\n\n<p class=\"has-small-font-size\"><strong>Toute th\u00e9rapie va consister \u00e0 vous lib\u00e9rer de ce qui vous fait souffrir<\/strong>. Parler de son histoire permet de donner du sens \u00e0 ce qui nous fait mal et vous emp\u00eache d&rsquo;avancer. Au fil des mots se trace progressivement un chemin pour se lib\u00e9rer et r\u00e9ouvrir l&rsquo;avenir. C&rsquo;est <strong>un traitement de la souffrance par les mots.<\/strong><\/p>\n\n\n\n<blockquote class=\"wp-block-quote is-layout-flow wp-block-quote-is-layout-flow\">\n<p class=\"has-medium-font-size\">Toute th\u00e9rapie a pour but de vous lib\u00e9rer de ce qui vous fait souffrir.<\/p>\n<\/blockquote>\n\n\n\n<p class=\"has-small-font-size\">Parfois on n&rsquo;ose pas parler de ce qui p\u00e8se. Nous pouvons en avoir honte ou avoir peur d&rsquo;\u00eatre d\u00e9bord\u00e9s par nos propres \u00e9motions. La  pr\u00e9sence du th\u00e9rapeute est importante. <strong>Elle rassure, elle encourage, elle permet d&rsquo;avancer, de trouver la force et d&rsquo;\u00eatre moins seul. Elle permet de se sentir en confiance, non jug\u00e9, accept\u00e9 tel qu&rsquo;on est, l\u00e0 o\u00f9 on en est. <\/strong><\/p>\n<\/div>\n\n\n\n<div class=\"wp-block-column is-layout-flow wp-block-column-is-layout-flow\" style=\"flex-basis:33.33%\">\n<p class=\"has-background has-small-font-size\" style=\"background-color:#d4f0b1\"><strong>Situations qui peuvent amener \u00e0 consulter un psychologue<\/strong> : <\/p>\n\n\n\n<p class=\"has-small-font-size\"><em>Hyper sensibilit\u00e9<\/em> <\/p>\n\n\n\n<p class=\"has-small-font-size\"><em>Troubles anxieux, angoisses, stress, peurs, ruminations<\/em><\/p>\n\n\n\n<p class=\"has-small-font-size\"><em>manque de confiance en soi, d&rsquo;estime de soi,<\/em><\/p>\n\n\n\n<p class=\"has-small-font-size\"><em>Gestion des \u00e9motions,<\/em> <\/p>\n\n\n\n<p class=\"has-small-font-size\"><em>Difficult\u00e9s amoureuses, sc\u00e9nario de r\u00e9p\u00e9tition, liens toxiques<\/em><\/p>\n\n\n\n<p class=\"has-small-font-size\"><em>Mal-\u00eatre, souffrance,<\/em><\/p>\n\n\n\n<p class=\"has-small-font-size\"><em>D\u00e9pression<\/em>, <em>manque d&rsquo;envie<\/em><\/p>\n\n\n\n<p class=\"has-small-font-size\"><em>Difficult\u00e9s de communication,&nbsp;<\/em><\/p>\n\n\n\n<p class=\"has-small-font-size\"><em>Probl\u00e9matiques familiales, relationnelles<\/em><\/p>\n\n\n\n<p class=\"has-small-font-size\"><em>Traumatismes (accidents&#8230;)<\/em><\/p>\n\n\n\n<p class=\"has-small-font-size\"><em>Repli sur soi, solitude<\/em><\/p>\n\n\n\n<p class=\"has-small-font-size\"><em>Crise suicidaire<\/em><\/p>\n\n\n\n<p class=\"has-small-font-size\"><em>Agression sexuelle, viol, inceste<\/em><\/p>\n\n\n\n<p class=\"has-small-font-size\"><em>Deuil difficile<\/em><\/p>\n\n\n\n<p class=\"has-small-font-size\"><em>Probl\u00e8mes de sant\u00e9 (maladies chroniques), probl\u00e8mes psychosomatiques<\/em><\/p>\n\n\n\n<p class=\"has-small-font-size\"><em>Probl\u00e8mes relatifs au travail (burn-out, transitions professionnelles, harc\u00e8lement au travail&#8230;)<\/em><\/p>\n\n\n\n<p class=\"has-small-font-size\"><em>Addictions (cannabis, \u00e9crans, alcool, etc.),<\/em><\/p>\n\n\n\n<p class=\"has-small-font-size\"><em>D\u00e9veloppement personnel, ou tout simplement aller \u00e0 la rencontre de soi<\/em> <\/p>\n\n\n\n<p>&nbsp;<\/p>\n\n\n\n<p class=\"has-medium-font-size\"><\/p>\n<\/div>\n<\/div>\n","protected":false},"excerpt":{"rendered":"<p>La vie apporte avec elle son lot d\u2019\u00e9v\u00e9nements qui peuvent g\u00e9n\u00e9rer du stress, de l&rsquo;angoisse et contribuer \u00e0 \u00e9branler nos relations et nos certitudes. Parfois ce sont&nbsp;les relations que nous vivons qui sont \u00ab\u00a0toxiques\u00a0\u00bb&nbsp;et nous n&rsquo;arrivons pas \u00e0 sortir de certains sch\u00e9mas de r\u00e9p\u00e9tition. Cela fait peut \u00eatre un moment que vous vous dites :&nbsp;\u00ab\u00a0Je <a class=\"read-more\" href=\"https:\/\/fabiennefaure.fr\/?page_id=150\">READ MORE<\/a><\/p>\n","protected":false},"author":1,"featured_media":0,"parent":0,"menu_order":0,"comment_status":"closed","ping_status":"closed","template":"","meta":{"rank_math_lock_modified_date":false,"footnotes":""},"class_list":["post-150","page","type-page","status-publish","hentry"],"_links":{"self":[{"href":"https:\/\/fabiennefaure.fr\/index.php?rest_route=\/wp\/v2\/pages\/150","targetHints":{"allow":["GET"]}}],"collection":[{"href":"https:\/\/fabiennefaure.fr\/index.php?rest_route=\/wp\/v2\/pages"}],"about":[{"href":"https:\/\/fabiennefaure.fr\/index.php?rest_route=\/wp\/v2\/types\/page"}],"author":[{"embeddable":true,"href":"https:\/\/fabiennefaure.fr\/index.php?rest_route=\/wp\/v2\/users\/1"}],"replies":[{"embeddable":true,"href":"https:\/\/fabiennefaure.fr\/index.php?rest_route=%2Fwp%2Fv2%2Fcomments&post=150"}],"version-history":[{"count":24,"href":"https:\/\/fabiennefaure.fr\/index.php?rest_route=\/wp\/v2\/pages\/150\/revisions"}],"predecessor-version":[{"id":926,"href":"https:\/\/fabiennefaure.fr\/index.php?rest_route=\/wp\/v2\/pages\/150\/revisions\/926"}],"wp:attachment":[{"href":"https:\/\/fabiennefaure.fr\/index.php?rest_route=%2Fwp%2Fv2%2Fmedia&parent=150"}],"curies":[{"name":"wp","href":"https:\/\/api.w.org\/{rel}","templated":true}]}}