{"id":194,"date":"2023-03-11T16:00:43","date_gmt":"2023-03-11T15:00:43","guid":{"rendered":"https:\/\/fabiennefaure.fr\/?page_id=194"},"modified":"2023-12-04T16:18:19","modified_gmt":"2023-12-04T15:18:19","slug":"diplomes","status":"publish","type":"page","link":"https:\/\/fabiennefaure.fr\/?page_id=194","title":{"rendered":"Mes Dipl\u00f4mes"},"content":{"rendered":"\n<div class=\"wp-block-columns is-layout-flex wp-container-core-columns-is-layout-9d6595d7 wp-block-columns-is-layout-flex\">\n<div class=\"wp-block-column is-layout-flow wp-block-column-is-layout-flow\" style=\"flex-basis:66.66%\">\n<figure class=\"wp-block-image size-large\"><img loading=\"lazy\" decoding=\"async\" width=\"1024\" height=\"729\" src=\"https:\/\/fabiennefaure.fr\/wp-content\/uploads\/2023\/03\/DESS-PSY-FA-1024x729.png\" alt=\"\" class=\"wp-image-287\" srcset=\"https:\/\/fabiennefaure.fr\/wp-content\/uploads\/2023\/03\/DESS-PSY-FA-1024x729.png 1024w, https:\/\/fabiennefaure.fr\/wp-content\/uploads\/2023\/03\/DESS-PSY-FA-300x214.png 300w, https:\/\/fabiennefaure.fr\/wp-content\/uploads\/2023\/03\/DESS-PSY-FA-768x547.png 768w, https:\/\/fabiennefaure.fr\/wp-content\/uploads\/2023\/03\/DESS-PSY-FA-1536x1094.png 1536w, https:\/\/fabiennefaure.fr\/wp-content\/uploads\/2023\/03\/DESS-PSY-FA-2048x1458.png 2048w\" sizes=\"auto, (max-width: 1024px) 100vw, 1024px\" \/><\/figure>\n<\/div>\n\n\n\n<div class=\"wp-block-column is-layout-flow wp-block-column-is-layout-flow\" style=\"flex-basis:33.33%\">\n<h2 class=\"wp-block-heading has-large-font-size\">Psychologue Clinicienne<\/h2>\n\n\n\n<p class=\"has-small-font-size\"><strong>Dipl\u00f4me D&rsquo;\u00c9tudes Sup\u00e9rieures Sp\u00e9cialis\u00e9es en<\/strong> <strong>Psychopathologie Clinique<\/strong> <\/p>\n\n\n\n<p class=\"has-small-font-size\">Obtenu \u00e0 l&rsquo;Universit\u00e9 de Toulouse en Octobre 1995 &#8211; Mention Bien<\/p>\n<\/div>\n<\/div>\n\n\n\n<p><\/p>\n\n\n\n<div class=\"wp-block-columns is-layout-flex wp-container-core-columns-is-layout-9d6595d7 wp-block-columns-is-layout-flex\">\n<div class=\"wp-block-column is-layout-flow wp-block-column-is-layout-flow\" style=\"flex-basis:50%\">\n<h1 class=\"wp-block-heading has-text-align-center has-large-font-size\">Sophrologue<\/h1>\n\n\n\n<p class=\"has-small-font-size\"><strong>Certificat Professionnel de Sophrologue de l&rsquo;\u00c9cole Sup\u00e9rieurs de Sophrologie<\/strong><\/p>\n\n\n\n<p class=\"has-small-font-size\">D\u00e9cembre 2022<\/p>\n<\/div>\n\n\n\n<div class=\"wp-block-column is-layout-flow wp-block-column-is-layout-flow\" style=\"flex-basis:50%\">\n<figure class=\"wp-block-image size-large is-resized\"><img loading=\"lazy\" decoding=\"async\" src=\"https:\/\/fabiennefaure.fr\/wp-content\/uploads\/2023\/04\/diplo-spvzibv-1-1024x716.jpg\" alt=\"\" class=\"wp-image-793\" style=\"width:717px;height:501px\" width=\"717\" height=\"501\" srcset=\"https:\/\/fabiennefaure.fr\/wp-content\/uploads\/2023\/04\/diplo-spvzibv-1-1024x716.jpg 1024w, https:\/\/fabiennefaure.fr\/wp-content\/uploads\/2023\/04\/diplo-spvzibv-1-300x210.jpg 300w, https:\/\/fabiennefaure.fr\/wp-content\/uploads\/2023\/04\/diplo-spvzibv-1-768x537.jpg 768w, https:\/\/fabiennefaure.fr\/wp-content\/uploads\/2023\/04\/diplo-spvzibv-1-1536x1074.jpg 1536w, https:\/\/fabiennefaure.fr\/wp-content\/uploads\/2023\/04\/diplo-spvzibv-1.jpg 1734w\" sizes=\"auto, (max-width: 717px) 100vw, 717px\" \/><\/figure>\n<\/div>\n<\/div>\n\n\n\n<p><\/p>\n\n\n\n<div class=\"wp-block-columns is-layout-flex wp-container-core-columns-is-layout-9d6595d7 wp-block-columns-is-layout-flex\">\n<div class=\"wp-block-column is-layout-flow wp-block-column-is-layout-flow\">\n<figure class=\"wp-block-image size-large\"><img loading=\"lazy\" decoding=\"async\" width=\"1024\" height=\"729\" src=\"https:\/\/fabiennefaure.fr\/wp-content\/uploads\/2023\/03\/CPFFP1-1-1024x729.png\" alt=\"\" class=\"wp-image-289\" srcset=\"https:\/\/fabiennefaure.fr\/wp-content\/uploads\/2023\/03\/CPFFP1-1-1024x729.png 1024w, https:\/\/fabiennefaure.fr\/wp-content\/uploads\/2023\/03\/CPFFP1-1-300x214.png 300w, https:\/\/fabiennefaure.fr\/wp-content\/uploads\/2023\/03\/CPFFP1-1-768x547.png 768w, https:\/\/fabiennefaure.fr\/wp-content\/uploads\/2023\/03\/CPFFP1-1-1536x1094.png 1536w, https:\/\/fabiennefaure.fr\/wp-content\/uploads\/2023\/03\/CPFFP1-1-2048x1458.png 2048w\" sizes=\"auto, (max-width: 1024px) 100vw, 1024px\" \/><\/figure>\n<\/div>\n\n\n\n<div class=\"wp-block-column is-layout-flow wp-block-column-is-layout-flow\">\n<h2 class=\"wp-block-heading has-text-align-center has-large-font-size\">Formatrice<\/h2>\n\n\n\n<p class=\"has-text-align-right has-small-font-size\"><strong>Certificat Professionnel de la F\u00e9d\u00e9ration de la Formation professionnelle<\/strong><\/p>\n\n\n\n<p class=\"has-text-align-right\">Juin 2017<\/p>\n\n\n\n<p class=\"has-text-align-center has-small-font-size\"><strong>Capacit\u00e9s valid\u00e9es :<\/strong> <\/p>\n\n\n\n<ul class=\"wp-block-list\">\n<li class=\"has-small-font-size\">S&rsquo;int\u00e9grer dans l&rsquo;environnement de la formation professionnelle <\/li>\n\n\n\n<li class=\"has-small-font-size\">Proposer une offre de formation <\/li>\n\n\n\n<li class=\"has-small-font-size\">Concevoir l&rsquo;ing\u00e9nierie de formation et le systeme d&rsquo;\u00e9valuation <\/li>\n\n\n\n<li class=\"has-small-font-size\">Animer une groupe de formation <\/li>\n<\/ul>\n<\/div>\n<\/div>\n","protected":false},"excerpt":{"rendered":"<p>Psychologue Clinicienne Dipl\u00f4me D&rsquo;\u00c9tudes Sup\u00e9rieures Sp\u00e9cialis\u00e9es en Psychopathologie Clinique Obtenu \u00e0 l&rsquo;Universit\u00e9 de Toulouse en Octobre 1995 &#8211; Mention Bien Sophrologue Certificat Professionnel de Sophrologue de l&rsquo;\u00c9cole Sup\u00e9rieurs de Sophrologie D\u00e9cembre 2022 Formatrice Certificat Professionnel de la F\u00e9d\u00e9ration de la Formation professionnelle Juin 2017 Capacit\u00e9s valid\u00e9es :<\/p>\n","protected":false},"author":1,"featured_media":0,"parent":0,"menu_order":0,"comment_status":"closed","ping_status":"closed","template":"","meta":{"footnotes":""},"class_list":["post-194","page","type-page","status-publish","hentry"],"_links":{"self":[{"href":"https:\/\/fabiennefaure.fr\/index.php?rest_route=\/wp\/v2\/pages\/194","targetHints":{"allow":["GET"]}}],"collection":[{"href":"https:\/\/fabiennefaure.fr\/index.php?rest_route=\/wp\/v2\/pages"}],"about":[{"href":"https:\/\/fabiennefaure.fr\/index.php?rest_route=\/wp\/v2\/types\/page"}],"author":[{"embeddable":true,"href":"https:\/\/fabiennefaure.fr\/index.php?rest_route=\/wp\/v2\/users\/1"}],"replies":[{"embeddable":true,"href":"https:\/\/fabiennefaure.fr\/index.php?rest_route=%2Fwp%2Fv2%2Fcomments&post=194"}],"version-history":[{"count":37,"href":"https:\/\/fabiennefaure.fr\/index.php?rest_route=\/wp\/v2\/pages\/194\/revisions"}],"predecessor-version":[{"id":874,"href":"https:\/\/fabiennefaure.fr\/index.php?rest_route=\/wp\/v2\/pages\/194\/revisions\/874"}],"wp:attachment":[{"href":"https:\/\/fabiennefaure.fr\/index.php?rest_route=%2Fwp%2Fv2%2Fmedia&parent=194"}],"curies":[{"name":"wp","href":"https:\/\/api.w.org\/{rel}","templated":true}]}}