{"id":212,"date":"2023-03-11T17:39:15","date_gmt":"2023-03-11T16:39:15","guid":{"rendered":"https:\/\/fabiennefaure.fr\/?page_id=212"},"modified":"2023-09-06T10:09:51","modified_gmt":"2023-09-06T08:09:51","slug":"supplement-dame","status":"publish","type":"page","link":"https:\/\/fabiennefaure.fr\/?page_id=212","title":{"rendered":"Suppl\u00e9ment d&rsquo;\u00e2me"},"content":{"rendered":"\n<p class=\"has-text-align-center\">L&rsquo;instant o\u00f9 vous acceptez d&rsquo;endosser l&rsquo;enti\u00e8re responsabilit\u00e9 de tout ce qui vous arrive dans votre vie, <\/p>\n\n\n\n<p class=\"has-text-align-center\">est l&rsquo;instant o\u00f9 vous exploitez le pouvoir de changer n&rsquo;importe quel aspect de votre existence.<\/p>\n\n\n\n<p class=\"has-small-font-size\"><\/p>\n\n\n<div class=\"wp-block-image\">\n<figure class=\"aligncenter size-large\"><img loading=\"lazy\" decoding=\"async\" width=\"683\" height=\"1024\" src=\"https:\/\/fabiennefaure.fr\/wp-content\/uploads\/2023\/09\/Fabienne-Faure-Psychologue-baille-dnas-le-bois-683x1024.jpg\" alt=\"\" class=\"wp-image-861\" srcset=\"https:\/\/fabiennefaure.fr\/wp-content\/uploads\/2023\/09\/Fabienne-Faure-Psychologue-baille-dnas-le-bois-683x1024.jpg 683w, https:\/\/fabiennefaure.fr\/wp-content\/uploads\/2023\/09\/Fabienne-Faure-Psychologue-baille-dnas-le-bois-200x300.jpg 200w, https:\/\/fabiennefaure.fr\/wp-content\/uploads\/2023\/09\/Fabienne-Faure-Psychologue-baille-dnas-le-bois-768x1152.jpg 768w, https:\/\/fabiennefaure.fr\/wp-content\/uploads\/2023\/09\/Fabienne-Faure-Psychologue-baille-dnas-le-bois-1024x1536.jpg 1024w, https:\/\/fabiennefaure.fr\/wp-content\/uploads\/2023\/09\/Fabienne-Faure-Psychologue-baille-dnas-le-bois-1366x2048.jpg 1366w, https:\/\/fabiennefaure.fr\/wp-content\/uploads\/2023\/09\/Fabienne-Faure-Psychologue-baille-dnas-le-bois.jpg 1667w\" sizes=\"auto, (max-width: 683px) 100vw, 683px\" \/><\/figure>\n<\/div>\n\n\n<p><\/p>\n\n\n\n<p><\/p>\n","protected":false},"excerpt":{"rendered":"<p>L&rsquo;instant o\u00f9 vous acceptez d&rsquo;endosser l&rsquo;enti\u00e8re responsabilit\u00e9 de tout ce qui vous arrive dans votre vie, est l&rsquo;instant o\u00f9 vous exploitez le pouvoir de changer n&rsquo;importe quel aspect de votre existence.<\/p>\n","protected":false},"author":1,"featured_media":0,"parent":0,"menu_order":0,"comment_status":"closed","ping_status":"closed","template":"","meta":{"footnotes":""},"class_list":["post-212","page","type-page","status-publish","hentry"],"_links":{"self":[{"href":"https:\/\/fabiennefaure.fr\/index.php?rest_route=\/wp\/v2\/pages\/212","targetHints":{"allow":["GET"]}}],"collection":[{"href":"https:\/\/fabiennefaure.fr\/index.php?rest_route=\/wp\/v2\/pages"}],"about":[{"href":"https:\/\/fabiennefaure.fr\/index.php?rest_route=\/wp\/v2\/types\/page"}],"author":[{"embeddable":true,"href":"https:\/\/fabiennefaure.fr\/index.php?rest_route=\/wp\/v2\/users\/1"}],"replies":[{"embeddable":true,"href":"https:\/\/fabiennefaure.fr\/index.php?rest_route=%2Fwp%2Fv2%2Fcomments&post=212"}],"version-history":[{"count":36,"href":"https:\/\/fabiennefaure.fr\/index.php?rest_route=\/wp\/v2\/pages\/212\/revisions"}],"predecessor-version":[{"id":921,"href":"https:\/\/fabiennefaure.fr\/index.php?rest_route=\/wp\/v2\/pages\/212\/revisions\/921"}],"wp:attachment":[{"href":"https:\/\/fabiennefaure.fr\/index.php?rest_route=%2Fwp%2Fv2%2Fmedia&parent=212"}],"curies":[{"name":"wp","href":"https:\/\/api.w.org\/{rel}","templated":true}]}}