{"id":343,"date":"2023-03-13T21:29:35","date_gmt":"2023-03-13T20:29:35","guid":{"rendered":"https:\/\/fabiennefaure.fr\/?page_id=343"},"modified":"2023-12-04T16:17:22","modified_gmt":"2023-12-04T15:17:22","slug":"fabienne-faure-liens-utiles","status":"publish","type":"page","link":"https:\/\/fabiennefaure.fr\/?page_id=343","title":{"rendered":"Liens utiles"},"content":{"rendered":"\n<h3 class=\"wp-block-heading has-medium-font-size\">En cas de crise suicidaire<\/h3>\n\n\n\n<p class=\"has-small-font-size\"><strong>En cas de crise suicidaire : composer le 3114.<\/strong> Cet appel est Gratuit et est accessible 7j\/7 et 24h\/24, depuis tout le territoire national. <\/p>\n\n\n\n<p class=\"has-small-font-size\">Ce num\u00e9ro permet d\u2019apporter une aide aux personnes en risque suicidaire et d\u00e9tresse psychique gr\u00e2ce \u00e0 des psychologues et des infirmiers form\u00e9s \u00e0 la pr\u00e9vention du suicide.<\/p>\n\n\n\n<h3 class=\"wp-block-heading has-medium-font-size\">Pour toute urgence<\/h3>\n\n\n\n<p class=\"has-small-font-size\">SAMU : 15<br>Pompiers : 18<br>Police secours :17<br>Urgence : 112<\/p>\n\n\n\n<h3 class=\"wp-block-heading has-medium-font-size\">En cas de besoin<\/h3>\n\n\n\n<p class=\"has-small-font-size\">Suicide \u00c9coute : 01 45 39 40 00 (24h\/24, 7j\/7)<br>SOS Suicide Ph\u00e9nix : 01 40 44 46 45 (24h\/24, 7j\/7)<br>SOS Amiti\u00e9 : 09 72 39 40 50 (24h\/24, 7j\/7)<\/p>\n","protected":false},"excerpt":{"rendered":"<p>En cas de crise suicidaire En cas de crise suicidaire : composer le 3114. Cet appel est Gratuit et est accessible 7j\/7 et 24h\/24, depuis tout le territoire national. Ce num\u00e9ro permet d\u2019apporter une aide aux personnes en risque suicidaire et d\u00e9tresse psychique gr\u00e2ce \u00e0 des psychologues et des infirmiers form\u00e9s \u00e0 la pr\u00e9vention du <a class=\"read-more\" href=\"https:\/\/fabiennefaure.fr\/?page_id=343\">READ MORE<\/a><\/p>\n","protected":false},"author":1,"featured_media":0,"parent":0,"menu_order":0,"comment_status":"closed","ping_status":"closed","template":"","meta":{"footnotes":""},"class_list":["post-343","page","type-page","status-publish","hentry"],"_links":{"self":[{"href":"https:\/\/fabiennefaure.fr\/index.php?rest_route=\/wp\/v2\/pages\/343","targetHints":{"allow":["GET"]}}],"collection":[{"href":"https:\/\/fabiennefaure.fr\/index.php?rest_route=\/wp\/v2\/pages"}],"about":[{"href":"https:\/\/fabiennefaure.fr\/index.php?rest_route=\/wp\/v2\/types\/page"}],"author":[{"embeddable":true,"href":"https:\/\/fabiennefaure.fr\/index.php?rest_route=\/wp\/v2\/users\/1"}],"replies":[{"embeddable":true,"href":"https:\/\/fabiennefaure.fr\/index.php?rest_route=%2Fwp%2Fv2%2Fcomments&post=343"}],"version-history":[{"count":8,"href":"https:\/\/fabiennefaure.fr\/index.php?rest_route=\/wp\/v2\/pages\/343\/revisions"}],"predecessor-version":[{"id":986,"href":"https:\/\/fabiennefaure.fr\/index.php?rest_route=\/wp\/v2\/pages\/343\/revisions\/986"}],"wp:attachment":[{"href":"https:\/\/fabiennefaure.fr\/index.php?rest_route=%2Fwp%2Fv2%2Fmedia&parent=343"}],"curies":[{"name":"wp","href":"https:\/\/api.w.org\/{rel}","templated":true}]}}