{"id":441,"date":"2023-03-15T15:47:13","date_gmt":"2023-03-15T14:47:13","guid":{"rendered":"https:\/\/fabiennefaure.fr\/?page_id=441"},"modified":"2023-12-04T16:01:36","modified_gmt":"2023-12-04T15:01:36","slug":"a-qui-sadresse-la-sophrologie","status":"publish","type":"page","link":"https:\/\/fabiennefaure.fr\/?page_id=441","title":{"rendered":"A qui s&rsquo;adresse la Sophrologie ?"},"content":{"rendered":"\n<blockquote class=\"wp-block-quote has-text-align-center is-layout-flow wp-block-quote-is-layout-flow\">\n<p class=\"has-text-align-right has-medium-font-size\">La Sophrologie s&rsquo;adresse \u00e0 tous et toutes ! <\/p>\n<\/blockquote>\n\n\n\n<div class=\"wp-block-columns is-layout-flex wp-container-core-columns-is-layout-9d6595d7 wp-block-columns-is-layout-flex\">\n<div class=\"wp-block-column is-layout-flow wp-block-column-is-layout-flow\" style=\"flex-basis:33.33%\">\n<p class=\"has-medium-font-size\"><strong>La sophrologie s&rsquo;adresse aux <\/strong>:<\/p>\n\n\n\n<p class=\"has-small-font-size\">Enfants <\/p>\n\n\n\n<p class=\"has-small-font-size\">Adolescent(e)s<\/p>\n\n\n\n<p class=\"has-small-font-size\">\u00c9tudiants <\/p>\n\n\n\n<p class=\"has-small-font-size\">Adultes<\/p>\n\n\n\n<p class=\"has-small-font-size\">Femmes enceintes<\/p>\n\n\n\n<p class=\"has-small-font-size\">Sportifs <\/p>\n\n\n\n<p class=\"has-small-font-size\">S\u00e9niors<\/p>\n<\/div>\n\n\n\n<div class=\"wp-block-column is-layout-flow wp-block-column-is-layout-flow\" style=\"flex-basis:66.66%\"><div class=\"wp-block-image\">\n<figure class=\"aligncenter size-large is-resized\"><img loading=\"lazy\" decoding=\"async\" src=\"https:\/\/fabiennefaure.fr\/wp-content\/uploads\/2023\/03\/a-qui-sadresse-la-sophrologie-1-1-1024x819.png\" alt=\"\" class=\"wp-image-567\" width=\"459\" height=\"365\"\/><\/figure>\n<\/div><\/div>\n<\/div>\n\n\n\n<p class=\"has-small-font-size\">La Sophrologie s&rsquo;adresse \u00e0 chaque personne d\u00e9sireuse de trouver une r\u00e9ponse \u00e0 ses difficult\u00e9s, ou \u00e0 sa souffrance, et d\u00e9cid\u00e9e \u00e0 retrouver un bien-\u00eatre ou un mieux-\u00eatre, \u00e0 se sentir mieux dans sa peau.\u00a0 Elle s\u2019int\u00e8gre parfaitement \u00e0 notre mode de vie, dans notre quotidien. Et c&rsquo;est\u00a0une aide pr\u00e9cieuse pour diminuer les angoisses, le stress, l&rsquo;anxi\u00e9t\u00e9, la douleur\u2026<\/p>\n\n\n\n<p class=\"has-small-font-size\">Ainsi elle peut convenir \u00e0 chaque personne d\u00e9termin\u00e9e \u00e0 pr\u00e9server sa sant\u00e9, pr\u00eate \u00e0 prendre en main ses probl\u00e8mes, \u00e0 leur attribuer leur r\u00e9elle dimension. En effet, la Sophrologie va permettre de<strong> trouver des solutions positives<\/strong> face aux difficult\u00e9s de l&rsquo;existence et de se rapprocher le plus pr\u00e8s possible d&rsquo;un d\u00e9nouement satisfaisant pour acc\u00e9der \u00e0 un \u00e9quilibre physique, psychique et intellectuel. Elle permet entre autre de soutenir les personnes d\u00e9pendantes du tabac, de l&rsquo;alcool, mais aussi les personnes qui veulent mettre en place une hygi\u00e8ne di\u00e9t\u00e9tique (prise de poids) en compl\u00e9ment d&rsquo;autres traitements entrepris.<\/p>\n\n\n\n<h2 class=\"wp-block-heading\">Les enfants<\/h2>\n\n\n\n<p class=\"has-small-font-size\">Un enfants a en lui tout ce qu&rsquo;il faut pour savoir ce qui est bon pour lui. Mais il peut aussi vivre des choses difficiles et parfois ne plus arriver \u00e0 exister que ce soit \u00e0 l\u2019\u00e9cole ou \u00e0 la maison. Un enfant ne peut pas tout g\u00e9rer, il n\u2019en a pas la structure ni mentale ni physique. C\u2019est un \u00eatre \u00e0 prot\u00e9ger et \u00e0 qui on peut justement donner des cl\u00e9s pour apprendre, pour g\u00e9rer ses \u00e9motions, sa concentration et qui seront des atouts dont il se servira toute sa vie.<\/p>\n\n\n\n<h2 class=\"wp-block-heading\">Les adolescents<\/h2>\n\n\n\n<p class=\"has-small-font-size\">La Sophrologie peut aider \u00e0 la pr\u00e9paration aux examens, la gestion du stress, les \u00e9motions (doutes, chagrins&#8230; elle permet d&rsquo;am\u00e9liorer la concentration,  la m\u00e9morisation, de mettre en valeur ses qualit\u00e9s et de d\u00e9velopper la confiance en soi.<\/p>\n\n\n\n<h2 class=\"wp-block-heading\">Les sportifs<\/h2>\n\n\n\n<p class=\"has-small-font-size\">Les sportifs sont des champions mais avant tout des hommes et des femmes. Grace \u00e0 la Sophrologie, les sportifs de haut niveau ou et amateurs peuvent prendre conscience de leur sch\u00e9ma corporel, d\u00e9couvrir la pens\u00e9e, la visualisation et l&rsquo;action positive, arriver \u00e0 am\u00e9liorer leur concentration, \u00e0 contr\u00f4ler de la peur mais aussi \u00e0 stimuler la motivation.<\/p>\n\n\n\n<h2 class=\"wp-block-heading\">Le 3e \u00e2ge<\/h2>\n\n\n\n<p class=\"has-small-font-size\">La sophrologie permet de se pr\u00e9parer \u00e0 la retraite et de vivre paisiblement cette p\u00e9riode.<\/p>\n\n\n\n<h2 class=\"wp-block-heading\">En entreprise<\/h2>\n\n\n\n<p class=\"has-small-font-size\">En entreprise la sophrologie permet d&rsquo;am\u00e9liorer la concentration, l&rsquo;efficacit\u00e9 mais permet aussi de g\u00e9rer le stress, de pr\u00e9venir le burn-out, d&rsquo;am\u00e9liorer la communication et de g\u00e9rer les conflits. Elle permet une harmonisation des relations aussi bien dans l&rsquo;entreprise que dans la sph\u00e8re priv\u00e9e.<\/p>\n\n\n\n<h2 class=\"wp-block-heading\">Pour les personnes en burn-out, en recherche d&#8217;emploi, en reconversion professionnelle <\/h2>\n\n\n\n<p class=\"has-small-font-size\">La Sophrologie permet se sortir d&rsquo;un burn out. Elle permet tout d&rsquo;abord de calmer la souffrance, l&rsquo;angoisse et les ruminations, de retrouver un sommeil r\u00e9parateur. Elle permet ensuite de garder ou de retrouver le d\u00e9sir d&rsquo;entreprendre, la motivation et pr\u00e9serve la capacit\u00e9 d&rsquo;assumer un nouvel emploi.<a href=\"http:\/\/www.sophrologue-a-paris.fr\/fr\/pages\/3-a-qui-s-adresse-la-sophrologie\/index.html#\" target=\"_blank\" rel=\"noopener\"><\/a><\/p>\n","protected":false},"excerpt":{"rendered":"<p>La Sophrologie s&rsquo;adresse \u00e0 tous et toutes ! La sophrologie s&rsquo;adresse aux : Enfants Adolescent(e)s \u00c9tudiants Adultes Femmes enceintes Sportifs S\u00e9niors La Sophrologie s&rsquo;adresse \u00e0 chaque personne d\u00e9sireuse de trouver une r\u00e9ponse \u00e0 ses difficult\u00e9s, ou \u00e0 sa souffrance, et d\u00e9cid\u00e9e \u00e0 retrouver un bien-\u00eatre ou un mieux-\u00eatre, \u00e0 se sentir mieux dans sa peau.\u00a0 <a class=\"read-more\" href=\"https:\/\/fabiennefaure.fr\/?page_id=441\">READ MORE<\/a><\/p>\n","protected":false},"author":1,"featured_media":0,"parent":0,"menu_order":0,"comment_status":"closed","ping_status":"closed","template":"","meta":{"footnotes":""},"class_list":["post-441","page","type-page","status-publish","hentry"],"_links":{"self":[{"href":"https:\/\/fabiennefaure.fr\/index.php?rest_route=\/wp\/v2\/pages\/441","targetHints":{"allow":["GET"]}}],"collection":[{"href":"https:\/\/fabiennefaure.fr\/index.php?rest_route=\/wp\/v2\/pages"}],"about":[{"href":"https:\/\/fabiennefaure.fr\/index.php?rest_route=\/wp\/v2\/types\/page"}],"author":[{"embeddable":true,"href":"https:\/\/fabiennefaure.fr\/index.php?rest_route=\/wp\/v2\/users\/1"}],"replies":[{"embeddable":true,"href":"https:\/\/fabiennefaure.fr\/index.php?rest_route=%2Fwp%2Fv2%2Fcomments&post=441"}],"version-history":[{"count":23,"href":"https:\/\/fabiennefaure.fr\/index.php?rest_route=\/wp\/v2\/pages\/441\/revisions"}],"predecessor-version":[{"id":762,"href":"https:\/\/fabiennefaure.fr\/index.php?rest_route=\/wp\/v2\/pages\/441\/revisions\/762"}],"wp:attachment":[{"href":"https:\/\/fabiennefaure.fr\/index.php?rest_route=%2Fwp%2Fv2%2Fmedia&parent=441"}],"curies":[{"name":"wp","href":"https:\/\/api.w.org\/{rel}","templated":true}]}}